{"id":161,"date":"2019-11-01T15:36:58","date_gmt":"2019-11-01T15:36:58","guid":{"rendered":"http:\/\/superservicioazteca.com.mx\/wp_ssav\/?page_id=161"},"modified":"2019-11-04T16:44:42","modified_gmt":"2019-11-04T16:44:42","slug":"servicio-azteca","status":"publish","type":"page","link":"https:\/\/superservicioazteca.com.mx\/wp_ssav\/index.php\/servicio-azteca\/","title":{"rendered":"Servicio Azteca"},"content":{"rendered":"\n<h4><strong>Mas de 30 a\u00f1os<\/strong>  de Experiencia  Brindando Servicio <\/h4>\n\n\n\n<p>La empresa es creada por iniciativa de los fundadores en acercar la venta de hidrocarburos a un peque\u00f1o poblado en el estado de Tamaulipas, a principio de los a\u00f1os 80&#8217;s, con el paso del tiempo la empresa fue creciendo, construyendo y adquiriendo estaciones de servicio hasta la actualidad, contando con 8 estaciones de servicio en el centro de Tamaulipas, 5 de ellas en la ciudad capital, Victoria, y 3 estaciones en municipios cercanos a esta ciudad, como lo es Jaumave, Padilla, e Hidalgo.<\/p>\n\n\n\n<p>El los tiempos modernos todas nuestras estaciones cuentan con la certificaci\u00f3n Cualli, la cual es otorgada a estaciones que cumplen con Petr\u00f3leos Mexicanos manteniendo control volumetricos, dispensarios que cumplen con certificaciones para la medici\u00f3n de combustible.<\/p>\n","protected":false},"excerpt":{"rendered":"<p>Mas de 30 a\u00f1os de Experiencia Brindando Servicio La empresa es creada por iniciativa de los fundadores en acercar la venta de hidrocarburos a un peque\u00f1o poblado en el estado<\/p>\n<p>\n                <span class=\"glyphicon glyphicon-arrow-right\"><a title=\"Continue reading\" href=\"https:\/\/superservicioazteca.com.mx\/wp_ssav\/index.php\/servicio-azteca\/\">Continue reading<\/a><\/span><\/p>\n","protected":false},"author":1,"featured_media":0,"parent":0,"menu_order":0,"comment_status":"closed","ping_status":"closed","template":"","meta":[],"_links":{"self":[{"href":"https:\/\/superservicioazteca.com.mx\/wp_ssav\/index.php\/wp-json\/wp\/v2\/pages\/161"}],"collection":[{"href":"https:\/\/superservicioazteca.com.mx\/wp_ssav\/index.php\/wp-json\/wp\/v2\/pages"}],"about":[{"href":"https:\/\/superservicioazteca.com.mx\/wp_ssav\/index.php\/wp-json\/wp\/v2\/types\/page"}],"author":[{"embeddable":true,"href":"https:\/\/superservicioazteca.com.mx\/wp_ssav\/index.php\/wp-json\/wp\/v2\/users\/1"}],"replies":[{"embeddable":true,"href":"https:\/\/superservicioazteca.com.mx\/wp_ssav\/index.php\/wp-json\/wp\/v2\/comments?post=161"}],"version-history":[{"count":4,"href":"https:\/\/superservicioazteca.com.mx\/wp_ssav\/index.php\/wp-json\/wp\/v2\/pages\/161\/revisions"}],"predecessor-version":[{"id":194,"href":"https:\/\/superservicioazteca.com.mx\/wp_ssav\/index.php\/wp-json\/wp\/v2\/pages\/161\/revisions\/194"}],"wp:attachment":[{"href":"https:\/\/superservicioazteca.com.mx\/wp_ssav\/index.php\/wp-json\/wp\/v2\/media?parent=161"}],"curies":[{"name":"wp","href":"https:\/\/api.w.org\/{rel}","templated":true}]}}